{"id":2359,"date":"2013-07-26T15:55:23","date_gmt":"2013-07-26T14:55:23","guid":{"rendered":"http:\/\/www.vincentleveque.com\/?page_id=2359"},"modified":"2014-09-10T11:11:26","modified_gmt":"2014-09-10T10:11:26","slug":"ma-boutique","status":"publish","type":"page","link":"https:\/\/www.vincentleveque.com\/?page_id=2359","title":{"rendered":"Ma boutique"},"content":{"rendered":"<p><strong><span style=\"color: #008080;\">Mes originaux sur Dessin d&rsquo;Art :<\/span><\/strong><\/p>\n<p><a href=\"http:\/\/dessindart.fr\">Dessin d&rsquo;Art<\/a> est une galerie en ligne qui propose des\u00a0originaux de divers auteurs talentueux.<\/p>\n<p>Si vous souhaitez acqu\u00e9rir une illustration ou une planche de BD cr\u00e9\u00e9e par mes soins c&rsquo;est ze place to be\u00a0!<\/p>\n<p><a href=\"http:\/\/www.vincentleveque.com\/wp-content\/uploads\/2014\/09\/hector1.jpg\"><img decoding=\"async\" loading=\"lazy\" class=\"aligncenter size-full wp-image-6539\" src=\"http:\/\/www.vincentleveque.com\/wp-content\/uploads\/2014\/09\/hector1.jpg\" alt=\"hector1\" width=\"750\" height=\"1212\" srcset=\"https:\/\/www.vincentleveque.com\/wp-content\/uploads\/2014\/09\/hector1.jpg 750w, https:\/\/www.vincentleveque.com\/wp-content\/uploads\/2014\/09\/hector1-185x300.jpg 185w, https:\/\/www.vincentleveque.com\/wp-content\/uploads\/2014\/09\/hector1-633x1024.jpg 633w, https:\/\/www.vincentleveque.com\/wp-content\/uploads\/2014\/09\/hector1-576x930.jpg 576w, https:\/\/www.vincentleveque.com\/wp-content\/uploads\/2014\/09\/hector1-506x817.jpg 506w\" sizes=\"(max-width: 750px) 100vw, 750px\" \/><\/a><\/p>\n<p><a href=\"http:\/\/www.vincentleveque.com\/wp-content\/uploads\/2014\/02\/serig.jpg\"><strong><span style=\"color: #008080;\">Ma boutique sur Society6 :<\/span><\/strong><\/a><\/p>\n<p>Society6 est une soci\u00e9t\u00e9 de tirage d&rsquo;Art \u00e0 la demande. J&rsquo;y ai ouvert une boutique o\u00f9 vous trouverez quelques unes de mes illustrations pr\u00e9f\u00e9r\u00e9es imprimables sur plusieurs supports et formats. Pour vous y rendre cliquez<a href=\"http:\/\/society6.com\/vincentleveque\" target=\"_blank\"> ici<\/a> !<\/p>\n<p><a href=\"http:\/\/www.vincentleveque.com\/wp-content\/uploads\/2014\/02\/society.jpg\"><img decoding=\"async\" loading=\"lazy\" class=\"aligncenter size-full wp-image-6403\" src=\"http:\/\/www.vincentleveque.com\/wp-content\/uploads\/2014\/02\/society.jpg\" alt=\"society\" width=\"750\" height=\"900\" srcset=\"https:\/\/www.vincentleveque.com\/wp-content\/uploads\/2014\/02\/society.jpg 750w, https:\/\/www.vincentleveque.com\/wp-content\/uploads\/2014\/02\/society-250x300.jpg 250w, https:\/\/www.vincentleveque.com\/wp-content\/uploads\/2014\/02\/society-576x691.jpg 576w, https:\/\/www.vincentleveque.com\/wp-content\/uploads\/2014\/02\/society-506x607.jpg 506w\" sizes=\"(max-width: 750px) 100vw, 750px\" \/><\/a><\/p>\n<p><a href=\"http:\/\/www.vincentleveque.com\/wp-content\/uploads\/2014\/02\/serig.jpg\"><strong><span style=\"color: #008080;\">S\u00e9rigraphie :<\/span><\/strong><\/a><\/p>\n<p><a href=\"http:\/\/www.vincentleveque.com\/wp-content\/uploads\/2014\/02\/serig.jpg\"><img decoding=\"async\" loading=\"lazy\" class=\"aligncenter size-full wp-image-6368\" src=\"http:\/\/www.vincentleveque.com\/wp-content\/uploads\/2014\/02\/serig.jpg\" alt=\"serig\" width=\"700\" height=\"937\" srcset=\"https:\/\/www.vincentleveque.com\/wp-content\/uploads\/2014\/02\/serig.jpg 700w, https:\/\/www.vincentleveque.com\/wp-content\/uploads\/2014\/02\/serig-224x300.jpg 224w, https:\/\/www.vincentleveque.com\/wp-content\/uploads\/2014\/02\/serig-576x771.jpg 576w, https:\/\/www.vincentleveque.com\/wp-content\/uploads\/2014\/02\/serig-506x677.jpg 506w\" sizes=\"(max-width: 700px) 100vw, 700px\" \/><\/a> <a href=\"http:\/\/www.vincentleveque.com\/wp-content\/uploads\/2014\/02\/seriggp3.jpg\"><img decoding=\"async\" loading=\"lazy\" class=\"aligncenter size-full wp-image-6371\" src=\"http:\/\/www.vincentleveque.com\/wp-content\/uploads\/2014\/02\/seriggp3.jpg\" alt=\"seriggp3\" width=\"750\" height=\"750\" srcset=\"https:\/\/www.vincentleveque.com\/wp-content\/uploads\/2014\/02\/seriggp3.jpg 750w, https:\/\/www.vincentleveque.com\/wp-content\/uploads\/2014\/02\/seriggp3-150x150.jpg 150w, https:\/\/www.vincentleveque.com\/wp-content\/uploads\/2014\/02\/seriggp3-300x300.jpg 300w, https:\/\/www.vincentleveque.com\/wp-content\/uploads\/2014\/02\/seriggp3-50x50.jpg 50w, https:\/\/www.vincentleveque.com\/wp-content\/uploads\/2014\/02\/seriggp3-576x576.jpg 576w, https:\/\/www.vincentleveque.com\/wp-content\/uploads\/2014\/02\/seriggp3-506x506.jpg 506w\" sizes=\"(max-width: 750px) 100vw, 750px\" \/><\/a> <a href=\"http:\/\/www.vincentleveque.com\/wp-content\/uploads\/2014\/02\/seriggp2.jpg\"><img decoding=\"async\" loading=\"lazy\" class=\"aligncenter size-full wp-image-6370\" src=\"http:\/\/www.vincentleveque.com\/wp-content\/uploads\/2014\/02\/seriggp2.jpg\" alt=\"seriggp2\" width=\"750\" height=\"750\" srcset=\"https:\/\/www.vincentleveque.com\/wp-content\/uploads\/2014\/02\/seriggp2.jpg 750w, https:\/\/www.vincentleveque.com\/wp-content\/uploads\/2014\/02\/seriggp2-150x150.jpg 150w, https:\/\/www.vincentleveque.com\/wp-content\/uploads\/2014\/02\/seriggp2-300x300.jpg 300w, https:\/\/www.vincentleveque.com\/wp-content\/uploads\/2014\/02\/seriggp2-50x50.jpg 50w, https:\/\/www.vincentleveque.com\/wp-content\/uploads\/2014\/02\/seriggp2-576x576.jpg 576w, https:\/\/www.vincentleveque.com\/wp-content\/uploads\/2014\/02\/seriggp2-506x506.jpg 506w\" sizes=\"(max-width: 750px) 100vw, 750px\" \/><\/a> <a href=\"http:\/\/www.vincentleveque.com\/wp-content\/uploads\/2014\/02\/seriggp1.jpg\"><img decoding=\"async\" loading=\"lazy\" class=\"aligncenter size-full wp-image-6369\" src=\"http:\/\/www.vincentleveque.com\/wp-content\/uploads\/2014\/02\/seriggp1.jpg\" alt=\"seriggp1\" width=\"750\" height=\"750\" srcset=\"https:\/\/www.vincentleveque.com\/wp-content\/uploads\/2014\/02\/seriggp1.jpg 750w, https:\/\/www.vincentleveque.com\/wp-content\/uploads\/2014\/02\/seriggp1-150x150.jpg 150w, https:\/\/www.vincentleveque.com\/wp-content\/uploads\/2014\/02\/seriggp1-300x300.jpg 300w, https:\/\/www.vincentleveque.com\/wp-content\/uploads\/2014\/02\/seriggp1-50x50.jpg 50w, https:\/\/www.vincentleveque.com\/wp-content\/uploads\/2014\/02\/seriggp1-576x576.jpg 576w, https:\/\/www.vincentleveque.com\/wp-content\/uploads\/2014\/02\/seriggp1-506x506.jpg 506w\" sizes=\"(max-width: 750px) 100vw, 750px\" \/><\/a><\/p>\n<p>&nbsp;<\/p>\n<p>Ma s\u00e9rigraphie (deux passages couleur sur papier cr\u00e8me \u00e9pais 25\/35 cm, sign\u00e9e) \u00ab\u00a0<strong>RED HOUSE<\/strong>\u00a0\u00bb est disponible au prix de\u00a0<strong>15 euros<\/strong>\u00a0(frais de port en tube via collissimo inclus pour la France).<\/p>\n<p>Chaque colis est accompagn\u00e9 de petits cadeaux faits maison en bonus.<\/p>\n<p>Pour toute commande ou information il suffit de me contacter via l\u2019onglet \u00ab\u00a0<strong>Contact<\/strong>\u00a0\u00bb du menu de ce site.<\/p>\n<p><strong><span style=\"color: #008080;\">Livres :<\/span><\/strong><\/p>\n<p><span class=\"Apple-style-span\" style=\"border-collapse: separate; color: #000000; font-family: Times; font-style: normal; font-variant: normal; font-weight: normal; letter-spacing: normal; line-height: normal; orphans: 2; text-indent: 0px; text-transform: none; white-space: normal; widows: 2; word-spacing: 0px; font-size: medium;\"><span class=\"Apple-style-span\" style=\"color: #222222; font-family: Arial,Verdana,sans-serif; font-size: 12px;\"><a href=\"http:\/\/www.vincentleveque.com\/wp-content\/uploads\/2013\/07\/couvvince-21.jpg\"><img decoding=\"async\" loading=\"lazy\" class=\"aligncenter size-full wp-image-2399\" src=\"http:\/\/www.vincentleveque.com\/wp-content\/uploads\/2013\/07\/couvvince-21.jpg\" alt=\"couvvince-2\" width=\"550\" height=\"855\" srcset=\"https:\/\/www.vincentleveque.com\/wp-content\/uploads\/2013\/07\/couvvince-21.jpg 550w, https:\/\/www.vincentleveque.com\/wp-content\/uploads\/2013\/07\/couvvince-21-506x786.jpg 506w\" sizes=\"(max-width: 550px) 100vw, 550px\" \/><\/a><\/span><\/span><\/p>\n<p><span class=\"Apple-style-span\" style=\"border-collapse: separate; color: #000000; font-family: Times; font-style: normal; font-variant: normal; font-weight: normal; letter-spacing: normal; line-height: normal; orphans: 2; text-indent: 0px; text-transform: none; white-space: normal; widows: 2; word-spacing: 0px; font-size: medium;\"><span class=\"Apple-style-span\" style=\"color: #222222; font-family: Arial,Verdana,sans-serif; font-size: 12px;\"><em><strong>\u00ab\u00a0Ma Life\u00a0\u00bb<\/strong><\/em> : 80 pages d&rsquo;histoires dinguement autobiographiques publi\u00e9es aux \u00e9ditions <a href=\"http:\/\/www.paquet.li\/paquet\/album.php?id=540\" target=\"_blank\">Paquet<\/a>. Disponible en librairie et sur internet : <a href=\"http:\/\/www.decitre.fr\/livres\/Ma-life.aspx\/9782888903581\">decitre<\/a>, <a href=\"http:\/\/livre.fnac.com\/a2809170\/Vincent-Leveque-Ma-life?Fr=0&amp;To=0&amp;Mu=-13&amp;Nu=2&amp;from=1&amp;Mn=-1&amp;Ra=-1\">fnac.com<\/a><\/span><\/span><\/p>\n<p>&nbsp;<\/p>\n","protected":false},"excerpt":{"rendered":"<p>Mes originaux sur Dessin d&rsquo;Art : Dessin d&rsquo;Art est une galerie en ligne qui propose des\u00a0originaux de divers auteurs talentueux. Si vous souhaitez acqu\u00e9rir une illustration ou une planche de BD cr\u00e9\u00e9e par mes soins c&rsquo;est ze place to be\u00a0! Ma boutique sur Society6 : Society6 est une soci\u00e9t\u00e9 de tirage d&rsquo;Art \u00e0 la demande. J&rsquo;y ai ouvert une boutique o\u00f9 vous trouverez quelques unes de mes illustrations pr\u00e9f\u00e9r\u00e9es imprimables sur plusieurs supports et formats. Pour vous y rendre cliquez ici ! S\u00e9rigraphie : &nbsp; Ma s\u00e9rigraphie (deux passages couleur sur papier cr\u00e8me \u00e9pais 25\/35 cm, sign\u00e9e) \u00ab\u00a0RED HOUSE\u00a0\u00bb est disponible au prix de\u00a015 euros\u00a0(frais de port en tube via collissimo inclus pour la France). Chaque colis est accompagn\u00e9 de&#8230;<\/p>\n","protected":false},"author":1,"featured_media":0,"parent":0,"menu_order":0,"comment_status":"open","ping_status":"open","template":"","meta":[],"_links":{"self":[{"href":"https:\/\/www.vincentleveque.com\/index.php?rest_route=\/wp\/v2\/pages\/2359"}],"collection":[{"href":"https:\/\/www.vincentleveque.com\/index.php?rest_route=\/wp\/v2\/pages"}],"about":[{"href":"https:\/\/www.vincentleveque.com\/index.php?rest_route=\/wp\/v2\/types\/page"}],"author":[{"embeddable":true,"href":"https:\/\/www.vincentleveque.com\/index.php?rest_route=\/wp\/v2\/users\/1"}],"replies":[{"embeddable":true,"href":"https:\/\/www.vincentleveque.com\/index.php?rest_route=%2Fwp%2Fv2%2Fcomments&post=2359"}],"version-history":[{"count":9,"href":"https:\/\/www.vincentleveque.com\/index.php?rest_route=\/wp\/v2\/pages\/2359\/revisions"}],"predecessor-version":[{"id":6542,"href":"https:\/\/www.vincentleveque.com\/index.php?rest_route=\/wp\/v2\/pages\/2359\/revisions\/6542"}],"wp:attachment":[{"href":"https:\/\/www.vincentleveque.com\/index.php?rest_route=%2Fwp%2Fv2%2Fmedia&parent=2359"}],"curies":[{"name":"wp","href":"https:\/\/api.w.org\/{rel}","templated":true}]}}